{"id":274,"date":"2023-12-28T17:42:16","date_gmt":"2023-12-28T17:42:16","guid":{"rendered":"http:\/\/sprintcapital.ca\/?page_id=274"},"modified":"2024-01-30T20:18:45","modified_gmt":"2024-01-30T20:18:45","slug":"demande-en-ligne","status":"publish","type":"page","link":"http:\/\/sprintcapital.ca\/en\/demande-en-ligne\/","title":{"rendered":"ONLINE REQUEST"},"content":{"rendered":"<div data-elementor-type=\"wp-page\" data-elementor-id=\"274\" class=\"elementor elementor-274\">\n\t\t\t\t<div class=\"aux-parallax-section elementor-element elementor-element-09b2dc5 e-flex e-con-boxed e-con e-parent\" data-id=\"09b2dc5\" data-element_type=\"container\" data-e-type=\"container\">\n\t\t\t\t\t<div class=\"e-con-inner\">\n\t\t\t\t<div class=\"elementor-element elementor-element-b79f505 animated-slow elementor-invisible elementor-widget elementor-widget-heading\" data-id=\"b79f505\" data-element_type=\"widget\" data-e-type=\"widget\" data-settings=\"{&quot;_animation&quot;:&quot;fadeInUp&quot;}\" data-widget_type=\"heading.default\">\n\t\t\t\t<div class=\"elementor-widget-container\">\n\t\t\t\t\t<h2 class=\"elementor-heading-title elementor-size-default\">ONLINE APPLICATION FORM\n<\/h2>\t\t\t\t<\/div>\n\t\t\t\t<\/div>\n\t\t\t\t<div class=\"elementor-element elementor-element-d035307 elementor-widget elementor-widget-text-editor\" data-id=\"d035307\" data-element_type=\"widget\" data-e-type=\"widget\" data-widget_type=\"text-editor.default\">\n\t\t\t\t<div class=\"elementor-widget-container\">\n\t\t\t\t\t\t\t\t\tPlease complete this confidential request. We will contact you within 24 hours\t\t\t\t\t\t\t\t<\/div>\n\t\t\t\t<\/div>\n\t\t\t\t<div class=\"elementor-element elementor-element-b3b1bba elementor-tabs-view-horizontal elementor-widget elementor-widget-tabs\" data-id=\"b3b1bba\" data-element_type=\"widget\" data-e-type=\"widget\" id=\"tabs-form\" data-widget_type=\"tabs.default\">\n\t\t\t\t<div class=\"elementor-widget-container\">\n\t\t\t\t\t\t\t<div class=\"elementor-tabs\">\n\t\t\t<div class=\"elementor-tabs-wrapper\" role=\"tablist\" >\n\t\t\t\t\t\t\t\t\t<div id=\"elementor-tab-title-1881\" class=\"elementor-tab-title elementor-tab-desktop-title\" aria-selected=\"true\" data-tab=\"1\" role=\"tab\" tabindex=\"0\" aria-controls=\"elementor-tab-content-1881\" aria-expanded=\"false\"> Individual mortgage financing application form <span><span>(Click here for individual)<\/span><\/span><\/div>\n\t\t\t\t\t\t\t\t\t<div id=\"elementor-tab-title-1882\" class=\"elementor-tab-title elementor-tab-desktop-title\" aria-selected=\"false\" data-tab=\"2\" role=\"tab\" tabindex=\"-1\" aria-controls=\"elementor-tab-content-1882\" aria-expanded=\"false\">Entrepreneurs financing application form <span><span>(Click here for entrepreneurs)<\/span><\/span><\/div>\n\t\t\t\t\t\t\t<\/div>\n\t\t\t<div class=\"elementor-tabs-content-wrapper\" role=\"tablist\" aria-orientation=\"vertical\">\n\t\t\t\t\t\t\t\t\t<div class=\"elementor-tab-title elementor-tab-mobile-title\" aria-selected=\"true\" data-tab=\"1\" role=\"tab\" tabindex=\"0\" aria-controls=\"elementor-tab-content-1881\" aria-expanded=\"false\"> Individual mortgage financing application form <span><span>(Click here for individual)<\/span><\/span><\/div>\n\t\t\t\t\t<div id=\"elementor-tab-content-1881\" class=\"elementor-tab-content elementor-clearfix\" data-tab=\"1\" role=\"tabpanel\" aria-labelledby=\"elementor-tab-title-1881\" tabindex=\"0\" hidden=\"false\">\n<div class=\"wpcf7 no-js\" id=\"wpcf7-f273-p274-o1\" lang=\"en-US\" dir=\"ltr\" data-wpcf7-id=\"273\">\n<div class=\"screen-reader-response\"><p role=\"status\" aria-live=\"polite\" aria-atomic=\"true\"><\/p> <ul><\/ul><\/div>\n<form action=\"\/en\/demande-en-ligne\/#wpcf7-f273-p274-o1\" method=\"post\" class=\"wpcf7-form init\" aria-label=\"First Name\" novalidate=\"novalidate\" data-status=\"init\" data-no-translation-aria-label=\"\" data-trp-original-action=\"\/en\/demande-en-ligne\/#wpcf7-f273-p274-o1\">\n<fieldset class=\"hidden-fields-container\"><input type=\"hidden\" name=\"_wpcf7\" value=\"273\" \/><input type=\"hidden\" name=\"_wpcf7_version\" value=\"6.1.6\" \/><input type=\"hidden\" name=\"_wpcf7_locale\" value=\"en_US\" \/><input type=\"hidden\" name=\"_wpcf7_unit_tag\" value=\"wpcf7-f273-p274-o1\" \/><input type=\"hidden\" name=\"_wpcf7_container_post\" value=\"274\" \/><input type=\"hidden\" name=\"_wpcf7_posted_data_hash\" value=\"\" \/>\n<\/fieldset>\n<div class=\"half-row\">\n\t<p><span class=\"wpcf7-form-control-wrap\" data-name=\"fname\"><input size=\"40\" maxlength=\"400\" class=\"wpcf7-form-control wpcf7-text wpcf7-validates-as-required\" aria-required=\"true\" aria-invalid=\"false\" placeholder=\"First name\" value=\"\" type=\"text\" name=\"fname\" \/><\/span><br \/>\n<span class=\"wpcf7-form-control-wrap\" data-name=\"yourname\"><input size=\"40\" maxlength=\"400\" class=\"wpcf7-form-control wpcf7-text wpcf7-validates-as-required\" aria-required=\"true\" aria-invalid=\"false\" placeholder=\"Name\" value=\"\" type=\"text\" name=\"yourname\" \/><\/span><br \/>\n<span class=\"wpcf7-form-control-wrap\" data-name=\"Telephone\"><input size=\"40\" maxlength=\"400\" class=\"wpcf7-form-control wpcf7-tel wpcf7-validates-as-required wpcf7-text wpcf7-validates-as-tel\" aria-required=\"true\" aria-invalid=\"false\" placeholder=\"Telephone\" value=\"\" type=\"tel\" name=\"Telephone\" \/><\/span><br \/>\n<span class=\"wpcf7-form-control-wrap\" data-name=\"email\"><input size=\"40\" maxlength=\"400\" class=\"wpcf7-form-control wpcf7-email wpcf7-validates-as-required wpcf7-text wpcf7-validates-as-email\" aria-required=\"true\" aria-invalid=\"false\" placeholder=\"E-mail\" value=\"\" type=\"email\" name=\"email\" \/><\/span>\n\t<\/p>\n<\/div>\n<p class=\"cont-form\">Type of financing\n<\/p>\n<p><span class=\"wpcf7-form-control-wrap\" data-name=\"Typeoffinancing\"><span class=\"wpcf7-form-control wpcf7-checkbox\"><span class=\"wpcf7-list-item first\"><label><input type=\"checkbox\" name=\"Typeoffinancing[]\" value=\"ACHAT\" \/><span class=\"wpcf7-list-item-label\">PURCHASE<\/span><\/label><\/span><span class=\"wpcf7-list-item\"><label><input type=\"checkbox\" name=\"Typeoffinancing[]\" value=\"REFINANCEMENT\" \/><span class=\"wpcf7-list-item-label\">REFINANCING<\/span><\/label><\/span><span class=\"wpcf7-list-item\"><label><input type=\"checkbox\" name=\"Typeoffinancing[]\" value=\"PROJETS\" \/><span class=\"wpcf7-list-item-label\">PROJECTS<\/span><\/label><\/span><span class=\"wpcf7-list-item\"><label><input type=\"checkbox\" name=\"Typeoffinancing[]\" value=\"AVIS DE 60 JOURS\" \/><span class=\"wpcf7-list-item-label\">60 day notice<\/span><\/label><\/span><span class=\"wpcf7-list-item\"><label><input type=\"checkbox\" name=\"Typeoffinancing[]\" value=\"HYPOTH\u00c8QUE DE 2 I\u00c8ME RANG\" \/><span class=\"wpcf7-list-item-label\">Second rank mortgage<\/span><\/label><\/span><span class=\"wpcf7-list-item\"><label><input type=\"checkbox\" name=\"Typeoffinancing[]\" value=\"PR\u00caT DE CONSOLIDATION DE DETTES\" \/><span class=\"wpcf7-list-item-label\">debt consolidation loans<\/span><\/label><\/span><span class=\"wpcf7-list-item\"><label><input type=\"checkbox\" name=\"Typeoffinancing[]\" value=\"AUTRES\" \/><span class=\"wpcf7-list-item-label\">OTHER<\/span><\/label><\/span><span class=\"wpcf7-list-item last\"><label><input type=\"checkbox\" name=\"Typeoffinancing[]\" value=\"R\u00c8GLEMENT D&#039;HYPOTH\u00c8QUES L\u00c9GALES, AVIS DE TAXES A PAYER\" \/><span class=\"wpcf7-list-item-label\">settlement of legal mortgages, notice of tax to be paid<\/span><\/label><\/span><\/span><\/span>\n<\/p>\n<h4>Property address\n<\/h4>\n<p><span class=\"wpcf7-form-control-wrap\" data-name=\"Address\"><input size=\"40\" maxlength=\"400\" class=\"wpcf7-form-control wpcf7-text wpcf7-validates-as-required\" aria-required=\"true\" aria-invalid=\"false\" placeholder=\"Address\" value=\"\" type=\"text\" name=\"Address\" \/><\/span><br \/>\n<span class=\"wpcf7-form-control-wrap\" data-name=\"City\"><input size=\"40\" maxlength=\"400\" class=\"wpcf7-form-control wpcf7-text wpcf7-validates-as-required\" aria-required=\"true\" aria-invalid=\"false\" placeholder=\"City\" value=\"\" type=\"text\" name=\"City\" \/><\/span><br \/>\n<span class=\"wpcf7-form-control-wrap\" data-name=\"Province\"><input size=\"40\" maxlength=\"400\" class=\"wpcf7-form-control wpcf7-text wpcf7-validates-as-required\" aria-required=\"true\" aria-invalid=\"false\" placeholder=\"Province\" value=\"\" type=\"text\" name=\"Province\" \/><\/span>\n<\/p>\n<h4>Property Information\n<\/h4>\n<p><span class=\"wpcf7-form-control-wrap\" data-name=\"Propertytype\"><span class=\"wpcf7-form-control wpcf7-checkbox\"><span class=\"wpcf7-list-item first\"><label><input type=\"checkbox\" name=\"Propertytype[]\" value=\"Unifamiliale\" \/><span class=\"wpcf7-list-item-label\">Single family<\/span><\/label><\/span><span class=\"wpcf7-list-item\"><label><input type=\"checkbox\" name=\"Propertytype[]\" value=\"Condo\" \/><span class=\"wpcf7-list-item-label\">Condo<\/span><\/label><\/span><span class=\"wpcf7-list-item\"><label><input type=\"checkbox\" name=\"Propertytype[]\" value=\"Duplex\" \/><span class=\"wpcf7-list-item-label\">Duplex<\/span><\/label><\/span><span class=\"wpcf7-list-item\"><label><input type=\"checkbox\" name=\"Propertytype[]\" value=\"Triplex\" \/><span class=\"wpcf7-list-item-label\">Triplex<\/span><\/label><\/span><span class=\"wpcf7-list-item\"><label><input type=\"checkbox\" name=\"Propertytype[]\" value=\"Multiplex\" \/><span class=\"wpcf7-list-item-label\">Multiplex<\/span><\/label><\/span><span class=\"wpcf7-list-item\"><label><input type=\"checkbox\" name=\"Propertytype[]\" value=\"Terrain\" \/><span class=\"wpcf7-list-item-label\">Plot<\/span><\/label><\/span><span class=\"wpcf7-list-item\"><label><input type=\"checkbox\" name=\"Propertytype[]\" value=\"Commercial\" \/><span class=\"wpcf7-list-item-label\">Commercial<\/span><\/label><\/span><span class=\"wpcf7-list-item last\"><label><input type=\"checkbox\" name=\"Propertytype[]\" value=\"AUTRES\" \/><span class=\"wpcf7-list-item-label\">OTHER<\/span><\/label><\/span><\/span><\/span><br \/>\n<span class=\"wpcf7-form-control-wrap\" data-name=\"propertyvalue\"><input size=\"40\" maxlength=\"400\" class=\"wpcf7-form-control wpcf7-text wpcf7-validates-as-required\" aria-required=\"true\" aria-invalid=\"false\" placeholder=\"Property value\" value=\"\" type=\"text\" name=\"propertyvalue\" \/><\/span><br \/>\n<span class=\"wpcf7-form-control-wrap\" data-name=\"amountsought\"><input size=\"40\" maxlength=\"400\" class=\"wpcf7-form-control wpcf7-text wpcf7-validates-as-required\" aria-required=\"true\" aria-invalid=\"false\" placeholder=\"Amount sought\" value=\"\" type=\"text\" name=\"amountsought\" \/><\/span>\n<\/p>\n<h4>Availability\n<\/h4>\n<p class=\"cont-form\">When can we contact you?\n<\/p>\n<p><span class=\"wpcf7-form-control-wrap\" data-name=\"Whencanwecontactyou\"><select class=\"wpcf7-form-control wpcf7-select\" aria-invalid=\"false\" name=\"Whencanwecontactyou\"><option value=\"S\u00e9lectionner\">Select<\/option><option value=\"Le plus rapidement\">Most quickly<\/option><option value=\"Semaine\">Week<\/option><option value=\"Fin de semaine\">Weekend<\/option><\/select><\/span>\n<\/p>\n<p class=\"cont-form\">Best time of day?\n<\/p>\n<p><span class=\"wpcf7-form-control-wrap\" data-name=\"Besttimeofday\"><select class=\"wpcf7-form-control wpcf7-select\" aria-invalid=\"false\" name=\"Besttimeofday\"><option value=\"S\u00e9lectionner\">Select<\/option><option value=\"En tout temps\">Anytime<\/option><option value=\"8h-12h (Matin)\">8h-12h (Morning)<\/option><option value=\"12h-13h (D\u00eener)\">12h-13h (Lunch)<\/option><option value=\"13h-18h (Apr\u00e8s-midi)\">13h-18h (Afternoon)<\/option><option value=\"18h-20h (Soir\u00e9e)\">18h-20h (Evening)<\/option><\/select><\/span><br \/>\n<span class=\"wpcf7-form-control-wrap\" data-name=\"textarea\"><textarea cols=\"40\" rows=\"10\" maxlength=\"2000\" class=\"wpcf7-form-control wpcf7-textarea\" aria-invalid=\"false\" placeholder=\"Comments\" name=\"textarea\"><\/textarea><\/span><br \/>\n<input class=\"wpcf7-form-control wpcf7-submit has-spinner\" type=\"submit\" value=\"Submit\" \/>\n<\/p><div class=\"wpcf7-response-output\" aria-hidden=\"true\"><\/div>\n<input type=\"hidden\" name=\"trp-form-language\" value=\"en\"\/><\/form>\n<\/div>\n<\/div>\n\t\t\t\t\t\t\t\t\t<div class=\"elementor-tab-title elementor-tab-mobile-title\" aria-selected=\"false\" data-tab=\"2\" role=\"tab\" tabindex=\"-1\" aria-controls=\"elementor-tab-content-1882\" aria-expanded=\"false\">Entrepreneurs financing application form <span><span>(Click here for entrepreneurs)<\/span><\/span><\/div>\n\t\t\t\t\t<div id=\"elementor-tab-content-1882\" class=\"elementor-tab-content elementor-clearfix\" data-tab=\"2\" role=\"tabpanel\" aria-labelledby=\"elementor-tab-title-1882\" tabindex=\"0\" hidden=\"hidden\">\n<div class=\"wpcf7 no-js\" id=\"wpcf7-f320-p274-o2\" lang=\"en-US\" dir=\"ltr\" data-wpcf7-id=\"320\">\n<div class=\"screen-reader-response\"><p role=\"status\" aria-live=\"polite\" aria-atomic=\"true\"><\/p> <ul><\/ul><\/div>\n<form action=\"\/en\/demande-en-ligne\/#wpcf7-f320-p274-o2\" method=\"post\" class=\"wpcf7-form init\" aria-label=\"First Name\" novalidate=\"novalidate\" data-status=\"init\" data-no-translation-aria-label=\"\" data-trp-original-action=\"\/en\/demande-en-ligne\/#wpcf7-f320-p274-o2\">\n<fieldset class=\"hidden-fields-container\"><input type=\"hidden\" name=\"_wpcf7\" value=\"320\" \/><input type=\"hidden\" name=\"_wpcf7_version\" value=\"6.1.6\" \/><input type=\"hidden\" name=\"_wpcf7_locale\" value=\"en_US\" \/><input type=\"hidden\" name=\"_wpcf7_unit_tag\" value=\"wpcf7-f320-p274-o2\" \/><input type=\"hidden\" name=\"_wpcf7_container_post\" value=\"274\" \/><input type=\"hidden\" name=\"_wpcf7_posted_data_hash\" value=\"\" \/>\n<\/fieldset>\n<div class=\"half-row\">\n\t<p><span class=\"wpcf7-form-control-wrap\" data-name=\"fname\"><input size=\"40\" maxlength=\"400\" class=\"wpcf7-form-control wpcf7-text wpcf7-validates-as-required\" aria-required=\"true\" aria-invalid=\"false\" placeholder=\"First name\" value=\"\" type=\"text\" name=\"fname\" \/><\/span><br \/>\n<span class=\"wpcf7-form-control-wrap\" data-name=\"yourname\"><input size=\"40\" maxlength=\"400\" class=\"wpcf7-form-control wpcf7-text wpcf7-validates-as-required\" aria-required=\"true\" aria-invalid=\"false\" placeholder=\"Name\" value=\"\" type=\"text\" name=\"yourname\" \/><\/span><br \/>\n<span class=\"wpcf7-form-control-wrap\" data-name=\"Telephone\"><input size=\"40\" maxlength=\"400\" class=\"wpcf7-form-control wpcf7-tel wpcf7-validates-as-required wpcf7-text wpcf7-validates-as-tel\" aria-required=\"true\" aria-invalid=\"false\" placeholder=\"Telephone\" value=\"\" type=\"tel\" name=\"Telephone\" \/><\/span><br \/>\n<span class=\"wpcf7-form-control-wrap\" data-name=\"email\"><input size=\"40\" maxlength=\"400\" class=\"wpcf7-form-control wpcf7-email wpcf7-validates-as-required wpcf7-text wpcf7-validates-as-email\" aria-required=\"true\" aria-invalid=\"false\" placeholder=\"E-mail\" value=\"\" type=\"email\" name=\"email\" \/><\/span>\n\t<\/p>\n<\/div>\n<p class=\"cont-form\">Company information\n<\/p>\n<p><span class=\"wpcf7-form-control-wrap\" data-name=\"CompanyName\"><input size=\"40\" maxlength=\"400\" class=\"wpcf7-form-control wpcf7-text\" aria-invalid=\"false\" placeholder=\"Company Name\" value=\"\" type=\"text\" name=\"CompanyName\" \/><\/span><br \/>\n<span class=\"wpcf7-form-control-wrap\" data-name=\"Fieldofactivity\"><input size=\"40\" maxlength=\"400\" class=\"wpcf7-form-control wpcf7-text\" aria-invalid=\"false\" placeholder=\"Field of activity\" value=\"\" type=\"text\" name=\"Fieldofactivity\" \/><\/span>\n<\/p>\n<h4>Type of financing\n<\/h4>\n<p><span class=\"wpcf7-form-control-wrap\" data-name=\"checkbox-596\"><span class=\"wpcf7-form-control wpcf7-checkbox\"><span class=\"wpcf7-list-item first\"><label><input type=\"checkbox\" name=\"checkbox-596[]\" value=\"ACHAT IMMOBILIER\" \/><span class=\"wpcf7-list-item-label\">PROPERTY PURCHASE<\/span><\/label><\/span><span class=\"wpcf7-list-item\"><label><input type=\"checkbox\" name=\"checkbox-596[]\" value=\"FLIPS IMMOBILIERS\" \/><span class=\"wpcf7-list-item-label\">REAL ESTATE FLIPS<\/span><\/label><\/span><span class=\"wpcf7-list-item\"><label><input type=\"checkbox\" name=\"checkbox-596[]\" value=\"PROJETS IMMOBILIERS\" \/><span class=\"wpcf7-list-item-label\">REAL ESTATE PROJECTS<\/span><\/label><\/span><span class=\"wpcf7-list-item\"><label><input type=\"checkbox\" name=\"checkbox-596[]\" value=\"FUSION ET\/OU ACQUISITION D\u2019ENTREPRISES\" \/><span class=\"wpcf7-list-item-label\">MERGER AND\/OR ACQUISITION OF COMPANIES<\/span><\/label><\/span><span class=\"wpcf7-list-item\"><label><input type=\"checkbox\" name=\"checkbox-596[]\" value=\"REFINANCEMENT D\u2019ENTREPRISES\" \/><span class=\"wpcf7-list-item-label\">BUSINESS REFINANCING<\/span><\/label><\/span><span class=\"wpcf7-list-item\"><label><input type=\"checkbox\" name=\"checkbox-596[]\" value=\"LANCEMENT DE PROJETS OU DE D\u00c9MARRAGE\" \/><span class=\"wpcf7-list-item-label\">LAUNCHING OF PROJECTS OR START-UPS<\/span><\/label><\/span><span class=\"wpcf7-list-item\"><label><input type=\"checkbox\" name=\"checkbox-596[]\" value=\"RACHAT DE TITRES DE CR\u00c9ANCES\" \/><span class=\"wpcf7-list-item-label\">REPURCHASE OF DEBT SECURITIE<\/span><\/label><\/span><span class=\"wpcf7-list-item\"><label><input type=\"checkbox\" name=\"checkbox-596[]\" value=\"PROCESSUS DE VALORISATION DES ACTIFS\" \/><span class=\"wpcf7-list-item-label\">ASSET VALUATION PROCESS<\/span><\/label><\/span><span class=\"wpcf7-list-item\"><label><input type=\"checkbox\" name=\"checkbox-596[]\" value=\"RESTRUCTURATION D\u2019ENTREPRISES EN TRANSITION OU REDRESSEMENT\" \/><span class=\"wpcf7-list-item-label\">RESTRUCTURING OF COMPANIES IN TRANSITION OR RECOVERY<\/span><\/label><\/span><span class=\"wpcf7-list-item last\"><label><input type=\"checkbox\" name=\"checkbox-596[]\" value=\"FINANCEMENT \u00c0 COURT TERME POUR ENTREPRISE EN CROISSANCE, SAISONNI\u00c8RE OU CYCLIQUE\" \/><span class=\"wpcf7-list-item-label\">SHORT-TERM FINANCING FOR GROWING SEASONAL OR CYCLICAL BUSINESSES<\/span><\/label><\/span><\/span><\/span><br \/>\n<span class=\"wpcf7-form-control-wrap\" data-name=\"amountsought\"><input size=\"40\" maxlength=\"400\" class=\"wpcf7-form-control wpcf7-text wpcf7-validates-as-required\" aria-required=\"true\" aria-invalid=\"false\" placeholder=\"Amount sought\" value=\"\" type=\"text\" name=\"amountsought\" \/><\/span>\n<\/p>\n<h4>Availability\n<\/h4>\n<p class=\"cont-form\">When can we contact you?\n<\/p>\n<p><span class=\"wpcf7-form-control-wrap\" data-name=\"Whencanwecontactyou\"><select class=\"wpcf7-form-control wpcf7-select\" aria-invalid=\"false\" name=\"Whencanwecontactyou\"><option value=\"S\u00e9lectionner\">Select<\/option><option value=\"Le plus rapidement\">Most quickly<\/option><option value=\"Semaine\">Week<\/option><option value=\"Fin de semaine\">Weekend<\/option><\/select><\/span>\n<\/p>\n<p class=\"cont-form\">Best time of day?\n<\/p>\n<p><span class=\"wpcf7-form-control-wrap\" data-name=\"Besttimeofday\"><select class=\"wpcf7-form-control wpcf7-select\" aria-invalid=\"false\" name=\"Besttimeofday\"><option value=\"S\u00e9lectionner\">Select<\/option><option value=\"En tout temps\">Anytime<\/option><option value=\"8h-12h (Matin)\">8h-12h (Morning)<\/option><option value=\"12h-13h (D\u00eener)\">12h-13h (Lunch)<\/option><option value=\"13h-18h (Apr\u00e8s-midi)\">13h-18h (Afternoon)<\/option><option value=\"18h-20h (Soir\u00e9e)\">18h-20h (Evening)<\/option><\/select><\/span><br \/>\n<span class=\"wpcf7-form-control-wrap\" data-name=\"textarea\"><textarea cols=\"40\" rows=\"10\" maxlength=\"2000\" class=\"wpcf7-form-control wpcf7-textarea\" aria-invalid=\"false\" placeholder=\"Comments\" name=\"textarea\"><\/textarea><\/span><br \/>\n<input class=\"wpcf7-form-control wpcf7-submit has-spinner\" type=\"submit\" value=\"Submit\" \/>\n<\/p><div class=\"wpcf7-response-output\" aria-hidden=\"true\"><\/div>\n<input type=\"hidden\" name=\"trp-form-language\" value=\"en\"\/><\/form>\n<\/div>\n<\/div>\n\t\t\t\t\t\t\t<\/div>\n\t\t<\/div>\n\t\t\t\t\t\t<\/div>\n\t\t\t\t<\/div>\n\t\t\t\t\t<\/div>\n\t\t\t\t<\/div>\n\t\t\t\t<\/div>","protected":false},"excerpt":{"rendered":"<p>FORMULAIRE DE DEMANDE EN LIGNE SVP remplir cette demande confidentielle. Nous communiquerons avec vous d\u2019ici 24 hrs Formulaire de demande de financement hypoth\u00e9caire aux particuliers (Cliquez ici pour particuliers) Formulaire de demande de financement aux entrepreneurs (Cliquez ici pour entrepreneurs) Formulaire de demande de financement hypoth\u00e9caire aux particuliers (Cliquez ici pour particuliers) Type de financement [&hellip;]<\/p>\n","protected":false},"author":1,"featured_media":0,"parent":0,"menu_order":0,"comment_status":"closed","ping_status":"closed","template":"elementor_header_footer","meta":{"footnotes":""},"class_list":["post-274","page","type-page","status-publish","hentry"],"_links":{"self":[{"href":"http:\/\/sprintcapital.ca\/en\/wp-json\/wp\/v2\/pages\/274","targetHints":{"allow":["GET"]}}],"collection":[{"href":"http:\/\/sprintcapital.ca\/en\/wp-json\/wp\/v2\/pages"}],"about":[{"href":"http:\/\/sprintcapital.ca\/en\/wp-json\/wp\/v2\/types\/page"}],"author":[{"embeddable":true,"href":"http:\/\/sprintcapital.ca\/en\/wp-json\/wp\/v2\/users\/1"}],"replies":[{"embeddable":true,"href":"http:\/\/sprintcapital.ca\/en\/wp-json\/wp\/v2\/comments?post=274"}],"version-history":[{"count":79,"href":"http:\/\/sprintcapital.ca\/en\/wp-json\/wp\/v2\/pages\/274\/revisions"}],"predecessor-version":[{"id":1207,"href":"http:\/\/sprintcapital.ca\/en\/wp-json\/wp\/v2\/pages\/274\/revisions\/1207"}],"wp:attachment":[{"href":"http:\/\/sprintcapital.ca\/en\/wp-json\/wp\/v2\/media?parent=274"}],"curies":[{"name":"wp","href":"https:\/\/api.w.org\/{rel}","templated":true}]}}